{"id":1482,"date":"2023-10-09T08:37:50","date_gmt":"2023-10-09T08:37:50","guid":{"rendered":"https:\/\/pastisserianoa.com\/accessibilitat\/"},"modified":"2023-10-08T09:59:11","modified_gmt":"2023-10-08T09:59:11","slug":"accessibilitat","status":"publish","type":"page","link":"https:\/\/pastisserianoa.com\/ca\/accessibilitat\/","title":{"rendered":"Accessibilitat"},"content":{"rendered":"\t\t<div data-elementor-type=\"wp-page\" data-elementor-id=\"1482\" class=\"elementor elementor-1482 elementor-1062\">\n\t\t\t\t\t\t\t\t\t<section class=\"elementor-section elementor-top-section elementor-element elementor-element-15f7a03 elementor-section-boxed elementor-section-height-default elementor-section-height-default\" data-id=\"15f7a03\" data-element_type=\"section\">\n\t\t\t\t\t\t<div class=\"elementor-container elementor-column-gap-default\">\n\t\t\t\t\t<div class=\"elementor-column elementor-col-100 elementor-top-column elementor-element elementor-element-017397e\" data-id=\"017397e\" data-element_type=\"column\">\n\t\t\t<div class=\"elementor-widget-wrap elementor-element-populated\">\n\t\t\t\t\t\t\t\t<div class=\"elementor-element elementor-element-e0b1b5a elementor-widget elementor-widget-text-editor\" data-id=\"e0b1b5a\" data-element_type=\"widget\" data-widget_type=\"text-editor.default\">\n\t\t\t\t<div class=\"elementor-widget-container\">\n\t\t\t<style>\/*! elementor - v3.15.0 - 20-08-2023 *\/\n.elementor-widget-text-editor.elementor-drop-cap-view-stacked .elementor-drop-cap{background-color:#69727d;color:#fff}.elementor-widget-text-editor.elementor-drop-cap-view-framed .elementor-drop-cap{color:#69727d;border:3px solid;background-color:transparent}.elementor-widget-text-editor:not(.elementor-drop-cap-view-default) .elementor-drop-cap{margin-top:8px}.elementor-widget-text-editor:not(.elementor-drop-cap-view-default) .elementor-drop-cap-letter{width:1em;height:1em}.elementor-widget-text-editor .elementor-drop-cap{float:left;text-align:center;line-height:1;font-size:50px}.elementor-widget-text-editor .elementor-drop-cap-letter{display:inline-block}<\/style>\t\t\t\t<h1>Accessibilitat<\/h1>\n<p>Aquesta declaraci\u00f3 d&#8217;accessibilitat s&#8217;aplica al web https:\/\/passtiserianoa.com<\/p>\n<p><b>SITUACI\u00d3 DE COMPLIMENT<\/b><\/p>\n<p>Aquest lloc web \u00e9s parcialment conforme amb el RD 1112\/2018 a causa de les excepcions i la manca de conformitat dels aspectes que s&#8217;indiquen al seg\u00fcent punt.<\/p>\n<p><b>CONTINGUT NO ACCESSIBLE<\/b><\/p>\n<p>El contingut que es recull a continuaci\u00f3 no \u00e9s accessible pel seg\u00fcent:<br>\u2013 Manca de conformitat amb el RD 1112\/2018<br>\u2013 Podrien existir alguns aspectes de contrast que no compleixin els m\u00ednims exigits, 3:1, pel que fa als colors adjacents del fons de la secci\u00f3 de la web en q\u00fcesti\u00f3. [9 .1.4.11 Contraste no textual] [9 .1.4.11 Non-text contrast]<br>\u2013 Podrien existir algunes etiquetes o instruccions no etiquetades correctament [9 .3.3.2 Etiquetas o instrucciones] [9 .3.3.2 Labels or instructions]<br>Podrien existir missatges d&#8217;estat que no compleixin els m\u00ednims exigits [9 .4.1.3 Mensajes de estado] [9 .4.1.3 Status messages]<br>\u2013 Podrien existir suggeriments davant d&#8217;errors que no compleixin els m\u00ednims exigits [9 .3.3.3 Sugerencias ante errores (condicional)] [9 .3.3.3 Suggestions for errors (conditional)]<br>\u2013 Podrien existir errors en la navegaci\u00f3 seq\u00fcencial per la p\u00e0gina web afectant el seu significat o la seva operaci\u00f3 [9 .2.4.3 Orden del foco] [9 .2.4.3 Focus order]<br>\u2013 No \u00e9s possible evitar que les persones que interactuen mitjan\u00e7ant entrades de veu activin els elements d&#8217;interacci\u00f3 de manera accidental [requisito 9.2.1.4 \u2013 Atajos con teclas de caracteres] [requirement 9.2.1.4 \u2013 Character Key Shortcuts]<br>\u2013 Podrien haver-hi errors puntuals d&#8217;edici\u00f3 en alguna p\u00e0gina web<br>C\u00e0rrega desproporcionada<br>No aplica.<\/p>\n<p><b>PREPARACI\u00d3 DE LA SEG\u00dcENT DECLARACI\u00d3 D&#8217;ACCESSIBILITAT<\/b><\/p>\n<p>Aquesta declaraci\u00f3 va ser preparada el 19 de setembre de 2023.<br>El m\u00e8tode emprat per preparar la declaraci\u00f3 ha estat una autoavaluaci\u00f3 duta a terme per la pr\u00f2pia empresa.<\/p>\n<p><b>OBSERVACIONS I DADES DE CONTACTE<\/b><\/p>\n<p>Podeu realitzar comunicacions sobre requisits d&#8217;accessibilitat (article 10.2.a del RD 1112\/2018) com ara:<br>\u2013 Informar sobre qualsevol possible incompliment per part d&#8217;aquest lloc web<br>\u2013 Transmetre altres dificultats d&#8217;acc\u00e9s al contingut<br>\u2013 Formular qualsevol altra consulta o suggeriment de millora relativa a l&#8217;accessibilitat del lloc web<br>A trav\u00e9s de l&#8217;email de contacte&nbsp;<a href=\"mailto:neus_160190@hotmail.com\" style=\"cursor:pointer;color:inherit;word-wrap:break-word;text-decoration:inherit\" class=\"notion-link-token notion-focusable-token notion-enable-hover\" rel=\"noopener noreferrer\" data-token-index=\"0\" tabindex=\"0\"><span style=\"border-bottom:0.05em solid;border-color:rgba(55,53,47,.4);opacity:0.7\" class=\"link-annotation-unknown-block-id--487415370\">neus_160190@hotmail.com<\/span><\/a>.<br>Podeu presentar:<br>\u2013 Queixa relativa al compliment dels requisits del RD 1112\/2018 o<br>\u2013 Sol\u00b7licitud d&#8217;Informaci\u00f3 accessible relativa a:<br>Continguts que estan exclosos de l\u00e0mbit daplicaci\u00f3 del RD 1112\/2018 segons el que estableix larticle 3, apartat 4<br>Continguts que estan exempts del compliment dels requisits daccessibilitat per imposar una c\u00e0rrega desproporcionada.<br>A la Sol\u00b7licitud d&#8217;informaci\u00f3 accessible, cal concretar, amb tota claredat, els fets, les raons i la petici\u00f3 que permetin constatar que es tracta d&#8217;una sol\u00b7licitud raonable i leg\u00edtima.<br>Les queixes i reclamacions sobre informaci\u00f3 accessible es realitzaran a trav\u00e9s de l&#8217;email anterior.<\/p>\n<p><b>&nbsp;<\/b><\/p>\n<p><b>PROCEDIMENT D&#8217;APLICACI\u00d3<\/b><\/p>\n<p>Si una vegada realitzada una sol\u00b7licitud d&#8217;informaci\u00f3 accessible o queixa, aquesta ha estat desestimada, no s&#8217;estigu\u00e9s d&#8217;acord amb la decisi\u00f3 adoptada, o la resposta no compl\u00eds els requisits que preveu l&#8217;article 12.5, la persona interessada pot iniciar una reclamaci\u00f3. Igualment es podr\u00e0 iniciar una reclamaci\u00f3 en cas que hagi transcorregut el termini de vint dies h\u00e0bils sense haver obtingut resposta.<\/p>\t\t\t\t\t\t<\/div>\n\t\t\t\t<\/div>\n\t\t\t\t\t<\/div>\n\t\t<\/div>\n\t\t\t\t\t\t\t<\/div>\n\t\t<\/section>\n\t\t\t\t\t\t\t<\/div>\n\t\t","protected":false},"excerpt":{"rendered":"<p>Accessibilitat Aquesta declaraci\u00f3 d&#8217;accessibilitat s&#8217;aplica al web https:\/\/passtiserianoa.com SITUACI\u00d3 DE COMPLIMENT Aquest lloc web \u00e9s parcialment conforme amb el RD 1112\/2018 a causa de les excepcions i la manca de conformitat dels aspectes que s&#8217;indiquen al seg\u00fcent punt. CONTINGUT NO ACCESSIBLE El contingut que es recull a continuaci\u00f3 no \u00e9s accessible pel seg\u00fcent:\u2013 Manca de [&hellip;]<\/p>\n","protected":false},"author":1,"featured_media":0,"parent":0,"menu_order":0,"comment_status":"closed","ping_status":"closed","template":"","meta":{"footnotes":""},"yoast_head":"<!-- This site is optimized with the Yoast SEO plugin v21.2 - https:\/\/yoast.com\/wordpress\/plugins\/seo\/ -->\n<title>Accessibilitat - Pastisseria Noa<\/title>\n<meta name=\"robots\" content=\"index, follow, max-snippet:-1, max-image-preview:large, max-video-preview:-1\" \/>\n<link rel=\"canonical\" href=\"https:\/\/pastisserianoa.com\/ca\/accessibilitat\/\" \/>\n<meta property=\"og:locale\" content=\"ca_ES\" \/>\n<meta property=\"og:type\" content=\"article\" \/>\n<meta property=\"og:title\" content=\"Accessibilitat - Pastisseria Noa\" \/>\n<meta property=\"og:description\" content=\"Accessibilitat Aquesta declaraci\u00f3 d&#8217;accessibilitat s&#8217;aplica al web https:\/\/passtiserianoa.com SITUACI\u00d3 DE COMPLIMENT Aquest lloc web \u00e9s parcialment conforme amb el RD 1112\/2018 a causa de les excepcions i la manca de conformitat dels aspectes que s&#8217;indiquen al seg\u00fcent punt. CONTINGUT NO ACCESSIBLE El contingut que es recull a continuaci\u00f3 no \u00e9s accessible pel seg\u00fcent:\u2013 Manca de [&hellip;]\" \/>\n<meta property=\"og:url\" content=\"https:\/\/pastisserianoa.com\/ca\/accessibilitat\/\" \/>\n<meta property=\"og:site_name\" content=\"Pastisseria Noa\" \/>\n<meta property=\"article:modified_time\" content=\"2023-10-08T09:59:11+00:00\" \/>\n<meta name=\"twitter:card\" content=\"summary_large_image\" \/>\n<meta name=\"twitter:label1\" content=\"Temps estimat de lectura\" \/>\n\t<meta name=\"twitter:data1\" content=\"2 minuts\" \/>\n<script type=\"application\/ld+json\" class=\"yoast-schema-graph\">{\"@context\":\"https:\/\/schema.org\",\"@graph\":[{\"@type\":\"WebPage\",\"@id\":\"https:\/\/pastisserianoa.com\/ca\/accessibilitat\/\",\"url\":\"https:\/\/pastisserianoa.com\/ca\/accessibilitat\/\",\"name\":\"Accessibilitat - Pastisseria Noa\",\"isPartOf\":{\"@id\":\"https:\/\/pastisserianoa.com\/#website\"},\"datePublished\":\"2023-10-09T08:37:50+00:00\",\"dateModified\":\"2023-10-08T09:59:11+00:00\",\"breadcrumb\":{\"@id\":\"https:\/\/pastisserianoa.com\/ca\/accessibilitat\/#breadcrumb\"},\"inLanguage\":\"ca\",\"potentialAction\":[{\"@type\":\"ReadAction\",\"target\":[\"https:\/\/pastisserianoa.com\/ca\/accessibilitat\/\"]}]},{\"@type\":\"BreadcrumbList\",\"@id\":\"https:\/\/pastisserianoa.com\/ca\/accessibilitat\/#breadcrumb\",\"itemListElement\":[{\"@type\":\"ListItem\",\"position\":1,\"name\":\"Home\",\"item\":\"https:\/\/pastisserianoa.com\/ca\/\"},{\"@type\":\"ListItem\",\"position\":2,\"name\":\"Accessibilitat\"}]},{\"@type\":\"WebSite\",\"@id\":\"https:\/\/pastisserianoa.com\/#website\",\"url\":\"https:\/\/pastisserianoa.com\/\",\"name\":\"Pastisseria Noa\",\"description\":\"\",\"publisher\":{\"@id\":\"https:\/\/pastisserianoa.com\/#organization\"},\"potentialAction\":[{\"@type\":\"SearchAction\",\"target\":{\"@type\":\"EntryPoint\",\"urlTemplate\":\"https:\/\/pastisserianoa.com\/?s={search_term_string}\"},\"query-input\":\"required name=search_term_string\"}],\"inLanguage\":\"ca\"},{\"@type\":\"Organization\",\"@id\":\"https:\/\/pastisserianoa.com\/#organization\",\"name\":\"Pastisseria Noa\",\"url\":\"https:\/\/pastisserianoa.com\/\",\"logo\":{\"@type\":\"ImageObject\",\"inLanguage\":\"ca\",\"@id\":\"https:\/\/pastisserianoa.com\/#\/schema\/logo\/image\/\",\"url\":\"https:\/\/pastisserianoa.com\/wp-content\/uploads\/2023\/09\/noa-logo.png\",\"contentUrl\":\"https:\/\/pastisserianoa.com\/wp-content\/uploads\/2023\/09\/noa-logo.png\",\"width\":3069,\"height\":2214,\"caption\":\"Pastisseria Noa\"},\"image\":{\"@id\":\"https:\/\/pastisserianoa.com\/#\/schema\/logo\/image\/\"}}]}<\/script>\n<!-- \/ Yoast SEO plugin. -->","yoast_head_json":{"title":"Accessibilitat - Pastisseria Noa","robots":{"index":"index","follow":"follow","max-snippet":"max-snippet:-1","max-image-preview":"max-image-preview:large","max-video-preview":"max-video-preview:-1"},"canonical":"https:\/\/pastisserianoa.com\/ca\/accessibilitat\/","og_locale":"ca_ES","og_type":"article","og_title":"Accessibilitat - Pastisseria Noa","og_description":"Accessibilitat Aquesta declaraci\u00f3 d&#8217;accessibilitat s&#8217;aplica al web https:\/\/passtiserianoa.com SITUACI\u00d3 DE COMPLIMENT Aquest lloc web \u00e9s parcialment conforme amb el RD 1112\/2018 a causa de les excepcions i la manca de conformitat dels aspectes que s&#8217;indiquen al seg\u00fcent punt. CONTINGUT NO ACCESSIBLE El contingut que es recull a continuaci\u00f3 no \u00e9s accessible pel seg\u00fcent:\u2013 Manca de [&hellip;]","og_url":"https:\/\/pastisserianoa.com\/ca\/accessibilitat\/","og_site_name":"Pastisseria Noa","article_modified_time":"2023-10-08T09:59:11+00:00","twitter_card":"summary_large_image","twitter_misc":{"Temps estimat de lectura":"2 minuts"},"schema":{"@context":"https:\/\/schema.org","@graph":[{"@type":"WebPage","@id":"https:\/\/pastisserianoa.com\/ca\/accessibilitat\/","url":"https:\/\/pastisserianoa.com\/ca\/accessibilitat\/","name":"Accessibilitat - Pastisseria Noa","isPartOf":{"@id":"https:\/\/pastisserianoa.com\/#website"},"datePublished":"2023-10-09T08:37:50+00:00","dateModified":"2023-10-08T09:59:11+00:00","breadcrumb":{"@id":"https:\/\/pastisserianoa.com\/ca\/accessibilitat\/#breadcrumb"},"inLanguage":"ca","potentialAction":[{"@type":"ReadAction","target":["https:\/\/pastisserianoa.com\/ca\/accessibilitat\/"]}]},{"@type":"BreadcrumbList","@id":"https:\/\/pastisserianoa.com\/ca\/accessibilitat\/#breadcrumb","itemListElement":[{"@type":"ListItem","position":1,"name":"Home","item":"https:\/\/pastisserianoa.com\/ca\/"},{"@type":"ListItem","position":2,"name":"Accessibilitat"}]},{"@type":"WebSite","@id":"https:\/\/pastisserianoa.com\/#website","url":"https:\/\/pastisserianoa.com\/","name":"Pastisseria Noa","description":"","publisher":{"@id":"https:\/\/pastisserianoa.com\/#organization"},"potentialAction":[{"@type":"SearchAction","target":{"@type":"EntryPoint","urlTemplate":"https:\/\/pastisserianoa.com\/?s={search_term_string}"},"query-input":"required name=search_term_string"}],"inLanguage":"ca"},{"@type":"Organization","@id":"https:\/\/pastisserianoa.com\/#organization","name":"Pastisseria Noa","url":"https:\/\/pastisserianoa.com\/","logo":{"@type":"ImageObject","inLanguage":"ca","@id":"https:\/\/pastisserianoa.com\/#\/schema\/logo\/image\/","url":"https:\/\/pastisserianoa.com\/wp-content\/uploads\/2023\/09\/noa-logo.png","contentUrl":"https:\/\/pastisserianoa.com\/wp-content\/uploads\/2023\/09\/noa-logo.png","width":3069,"height":2214,"caption":"Pastisseria Noa"},"image":{"@id":"https:\/\/pastisserianoa.com\/#\/schema\/logo\/image\/"}}]}},"_links":{"self":[{"href":"https:\/\/pastisserianoa.com\/ca\/wp-json\/wp\/v2\/pages\/1482"}],"collection":[{"href":"https:\/\/pastisserianoa.com\/ca\/wp-json\/wp\/v2\/pages"}],"about":[{"href":"https:\/\/pastisserianoa.com\/ca\/wp-json\/wp\/v2\/types\/page"}],"author":[{"embeddable":true,"href":"https:\/\/pastisserianoa.com\/ca\/wp-json\/wp\/v2\/users\/1"}],"replies":[{"embeddable":true,"href":"https:\/\/pastisserianoa.com\/ca\/wp-json\/wp\/v2\/comments?post=1482"}],"version-history":[{"count":1,"href":"https:\/\/pastisserianoa.com\/ca\/wp-json\/wp\/v2\/pages\/1482\/revisions"}],"predecessor-version":[{"id":1483,"href":"https:\/\/pastisserianoa.com\/ca\/wp-json\/wp\/v2\/pages\/1482\/revisions\/1483"}],"wp:attachment":[{"href":"https:\/\/pastisserianoa.com\/ca\/wp-json\/wp\/v2\/media?parent=1482"}],"curies":[{"name":"wp","href":"https:\/\/api.w.org\/{rel}","templated":true}]}}