{"id":1484,"date":"2023-09-05T11:40:18","date_gmt":"2023-09-05T11:40:18","guid":{"rendered":"https:\/\/pastisserianoa.com\/privacy-policy\/"},"modified":"2023-10-10T11:04:10","modified_gmt":"2023-10-10T11:04:10","slug":"privacy-policy","status":"publish","type":"page","link":"https:\/\/pastisserianoa.com\/ca\/privacy-policy\/","title":{"rendered":"Privacy Policy"},"content":{"rendered":"\t\t<div data-elementor-type=\"wp-page\" data-elementor-id=\"1484\" class=\"elementor elementor-1484 elementor-3\">\n\t\t\t\t\t\t\t\t\t<section class=\"elementor-section elementor-top-section elementor-element elementor-element-195fad16 elementor-section-boxed elementor-section-height-default elementor-section-height-default\" data-id=\"195fad16\" data-element_type=\"section\">\n\t\t\t\t\t\t<div class=\"elementor-container elementor-column-gap-default\">\n\t\t\t\t\t<div class=\"elementor-column elementor-col-100 elementor-top-column elementor-element elementor-element-42d5e193\" data-id=\"42d5e193\" data-element_type=\"column\">\n\t\t\t<div class=\"elementor-widget-wrap elementor-element-populated\">\n\t\t\t\t\t\t\t\t<div class=\"elementor-element elementor-element-6880ee7c elementor-widget elementor-widget-text-editor\" data-id=\"6880ee7c\" data-element_type=\"widget\" data-widget_type=\"text-editor.default\">\n\t\t\t\t<div class=\"elementor-widget-container\">\n\t\t\t<style>\/*! elementor - v3.15.0 - 20-08-2023 *\/\n.elementor-widget-text-editor.elementor-drop-cap-view-stacked .elementor-drop-cap{background-color:#69727d;color:#fff}.elementor-widget-text-editor.elementor-drop-cap-view-framed .elementor-drop-cap{color:#69727d;border:3px solid;background-color:transparent}.elementor-widget-text-editor:not(.elementor-drop-cap-view-default) .elementor-drop-cap{margin-top:8px}.elementor-widget-text-editor:not(.elementor-drop-cap-view-default) .elementor-drop-cap-letter{width:1em;height:1em}.elementor-widget-text-editor .elementor-drop-cap{float:left;text-align:center;line-height:1;font-size:50px}.elementor-widget-text-editor .elementor-drop-cap-letter{display:inline-block}<\/style>\t\t\t\t\n<h1><b>Pol\u00edtica de privacitat<\/b><\/h1>\n<p><b>Qui som<\/b><\/p>\n<p>La direcci\u00f3 del nuestre lloc web \u00e9s: http:\/\/pastisserianoa.com<\/p>\n<p><b>Comentaris<\/b><\/p>\n<p>quan els visitants deixen comentaris al lloc, recopilem les dades que es mostren al formulari de comentaris, i tamb\u00e9 l&#8217;adre\u00e7a IP del visitant i la cadena de l&#8217;agent d&#8217;usuari del navegador per ajudar a la detecci\u00f3 d&#8217;spam.<\/p>\n<p>Es pot proporcionar una cadena an\u00f2nima creada a partir de la vostra adre\u00e7a de correu electr\u00f2nic (tamb\u00e9 anomenada hash) al servei Gravatar per veure si l&#8217;est\u00e0 utilitzant. La Pol\u00edtica de privadesa del servei Gravatar est\u00e0 disponible aqu\u00ed: https:\/\/automattic.com\/privacy\/. Despr\u00e9s de l&#8217;aprovaci\u00f3 del vostre comentari, la vostra foto de perfil \u00e9s visible per al p\u00fablic en el context del vostre comentari.<\/p>\n<p><b>Mitjans de comunicaci\u00f3<\/b><\/p>\n<p>Si puges imatges al lloc web, cal evitar pujar imatges amb dades d&#8217;ubicaci\u00f3 incrustades (GPS EXIF) incloses. Els visitants del lloc web poden descarregar i extreure qualsevol dada dubicaci\u00f3 de les imatges del lloc web.<\/p>\n<p><b>Cookies<\/b><\/p>\n<p>Si deixeu un comentari al nostre lloc, podeu optar per desar el vostre nom, adre\u00e7a de correu electr\u00f2nic i lloc web en cookies. Aquests s\u00f3n per a la seva comoditat, perqu\u00e8 no hagi de tornar a emplenar les dades quan deixi un altre comentari. Aquestes cookies tindran una durada d&#8217;un any.<\/p>\n<p>Si visiteu la nostra p\u00e0gina d&#8217;inici de sessi\u00f3, establirem una cookie temporal per determinar si el vostre navegador accepta cookies. Aquesta cookie no cont\u00e9 dades personals i es descarta quan tanqueu el vostre navegador.<\/p>\n<p>Quan inicieu sessi\u00f3, tamb\u00e9 configurarem diverses cookies per desar la vostra informaci\u00f3 d&#8217;inici de sessi\u00f3 i les seves opcions de visualitzaci\u00f3 de pantalla. Les cookies d&#8217;inici de sessi\u00f3 duren dos dies i les galetes d&#8217;opcions de pantalla duren un any. Si seleccioneu &#8220;Recordar-me&#8221;, el vostre inici de sessi\u00f3 persistir\u00e0 durant dues setmanes. Si tanqueu la sessi\u00f3 al vostre compte, s&#8217;eliminaran les cookies d&#8217;inici de sessi\u00f3.<\/p>\n<p>Si editeu o publiqueu un article, es desar\u00e0 una cookie addicional al vostre navegador. Aquesta cookie no inclou dades personals i simplement indica l&#8217;ID de publicaci\u00f3 de l&#8217;article que acabeu d&#8217;editar. Caduca despr\u00e9s d&#8217;un dia.<\/p>\n<p><b>Contingut incrustat d&#8217;altres llocs web<\/b><\/p>\n<p>Text suggerit: els articles d&#8217;aquest lloc poden incloure contingut incrustat (per exemple, v\u00eddeos, imatges, articles, etc.). El contingut incrustat daltres llocs web es comporta exactament de la mateixa manera que si el visitant hagu\u00e9s visitat laltre lloc web.<\/p>\n<p>Aquests llocs web poden recopilar dades sobre vost\u00e8, utilitzar cookies, incrustar un seguiment addicional de tercers i monitoritzar la seva interacci\u00f3 amb aquest contingut incrustat, incl\u00f2s el seguiment de la seva interacci\u00f3 amb el contingut incrustat si teniu un compte i heu iniciat sessi\u00f3 en aquest lloc web.<\/p>\n<p><b>Amb qui compartim les vostres dades<\/b><\/p>\n<p>Text suggerit: si sol\u00b7liciteu un restabliment de contrasenya, la vostra adre\u00e7a IP s&#8217;inclour\u00e0 al correu electr\u00f2nic de restabliment.<\/p>\n<p><b>Quant de temps conservem les vostres dades<\/b><\/p>\n<p>Si deixeu un comentari, el comentari i les seves metadades es conserven indefinidament. Aix\u00f2 \u00e9s perqu\u00e8 puguem recon\u00e8ixer i aprovar qualsevol comentari de seguiment autom\u00e0ticament en lloc de mantenir-los en una cua de moderaci\u00f3.<\/p>\n<p>Per als usuaris que es registren al nostre lloc web (si n&#8217;hi ha), tamb\u00e9 emmagatzemem la informaci\u00f3 personal que proporcionen al vostre perfil d&#8217;usuari. Tots els usuaris poden veure, editar o eliminar la vostra informaci\u00f3 personal en qualsevol moment (excepte que no poden canviar el vostre nom d&#8217;usuari). Els administradors del lloc web tamb\u00e9 poden veure i editar aquesta informaci\u00f3.<\/p>\n<p><b>Quins drets tens sobre les teves dades<\/b><\/p>\n<p>Si teniu un compte en aquest lloc o heu deixat comentaris, podeu demanar rebre un arxiu exportat de les dades personals que tenim sobre vost\u00e8, incloses les dades que ens hagi proporcionat. Tamb\u00e9 podeu sol\u00b7licitar que eliminem qualsevol dada personal que tinguem sobre vost\u00e8. Aix\u00f2 no inclou cap dada que estiguem obligats a conservar amb fins administratius, legals o de seguretat.<\/p>\n<p><b>On s&#8217;envien les vostres dades<\/b><\/p>\n<p>Els comentaris dels visitants poden ser revisats per un servei de detecci\u00f3 autom\u00e0tica d&#8217;spam.<\/p>\n\t\t\t\t\t\t<\/div>\n\t\t\t\t<\/div>\n\t\t\t\t\t<\/div>\n\t\t<\/div>\n\t\t\t\t\t\t\t<\/div>\n\t\t<\/section>\n\t\t\t\t\t\t\t<\/div>\n\t\t","protected":false},"excerpt":{"rendered":"<p>Pol\u00edtica de privacitat Qui som La direcci\u00f3 del nuestre lloc web \u00e9s: http:\/\/pastisserianoa.com Comentaris quan els visitants deixen comentaris al lloc, recopilem les dades que es mostren al formulari de comentaris, i tamb\u00e9 l&#8217;adre\u00e7a IP del visitant i la cadena de l&#8217;agent d&#8217;usuari del navegador per ajudar a la detecci\u00f3 d&#8217;spam. Es pot proporcionar una [&hellip;]<\/p>\n","protected":false},"author":1,"featured_media":0,"parent":0,"menu_order":0,"comment_status":"closed","ping_status":"open","template":"","meta":{"footnotes":""},"yoast_head":"<!-- This site is optimized with the Yoast SEO plugin v21.2 - https:\/\/yoast.com\/wordpress\/plugins\/seo\/ -->\n<title>Privacy Policy - Pastisseria Noa<\/title>\n<meta name=\"robots\" content=\"index, follow, max-snippet:-1, max-image-preview:large, max-video-preview:-1\" \/>\n<link rel=\"canonical\" href=\"https:\/\/pastisserianoa.com\/privacy-policy\/\" \/>\n<meta property=\"og:locale\" content=\"ca_ES\" \/>\n<meta property=\"og:type\" content=\"article\" \/>\n<meta property=\"og:title\" content=\"Privacy Policy - Pastisseria Noa\" \/>\n<meta property=\"og:description\" content=\"Pol\u00edtica de privacitat Qui som La direcci\u00f3 del nuestre lloc web \u00e9s: http:\/\/pastisserianoa.com Comentaris quan els visitants deixen comentaris al lloc, recopilem les dades que es mostren al formulari de comentaris, i tamb\u00e9 l&#8217;adre\u00e7a IP del visitant i la cadena de l&#8217;agent d&#8217;usuari del navegador per ajudar a la detecci\u00f3 d&#8217;spam. Es pot proporcionar una [&hellip;]\" \/>\n<meta property=\"og:url\" content=\"https:\/\/pastisserianoa.com\/privacy-policy\/\" \/>\n<meta property=\"og:site_name\" content=\"Pastisseria Noa\" \/>\n<meta property=\"article:modified_time\" content=\"2023-10-10T11:04:10+00:00\" \/>\n<meta name=\"twitter:card\" content=\"summary_large_image\" \/>\n<meta name=\"twitter:label1\" content=\"Temps estimat de lectura\" \/>\n\t<meta name=\"twitter:data1\" content=\"3 minuts\" \/>\n<script type=\"application\/ld+json\" class=\"yoast-schema-graph\">{\"@context\":\"https:\/\/schema.org\",\"@graph\":[{\"@type\":\"WebPage\",\"@id\":\"https:\/\/pastisserianoa.com\/privacy-policy\/\",\"url\":\"https:\/\/pastisserianoa.com\/privacy-policy\/\",\"name\":\"Privacy Policy - Pastisseria Noa\",\"isPartOf\":{\"@id\":\"https:\/\/pastisserianoa.com\/#website\"},\"datePublished\":\"2023-09-05T11:40:18+00:00\",\"dateModified\":\"2023-10-10T11:04:10+00:00\",\"breadcrumb\":{\"@id\":\"https:\/\/pastisserianoa.com\/privacy-policy\/#breadcrumb\"},\"inLanguage\":\"ca\",\"potentialAction\":[{\"@type\":\"ReadAction\",\"target\":[\"https:\/\/pastisserianoa.com\/privacy-policy\/\"]}]},{\"@type\":\"BreadcrumbList\",\"@id\":\"https:\/\/pastisserianoa.com\/privacy-policy\/#breadcrumb\",\"itemListElement\":[{\"@type\":\"ListItem\",\"position\":1,\"name\":\"Home\",\"item\":\"https:\/\/pastisserianoa.com\/ca\/\"},{\"@type\":\"ListItem\",\"position\":2,\"name\":\"Privacy Policy\"}]},{\"@type\":\"WebSite\",\"@id\":\"https:\/\/pastisserianoa.com\/#website\",\"url\":\"https:\/\/pastisserianoa.com\/\",\"name\":\"Pastisseria Noa\",\"description\":\"\",\"publisher\":{\"@id\":\"https:\/\/pastisserianoa.com\/#organization\"},\"potentialAction\":[{\"@type\":\"SearchAction\",\"target\":{\"@type\":\"EntryPoint\",\"urlTemplate\":\"https:\/\/pastisserianoa.com\/?s={search_term_string}\"},\"query-input\":\"required name=search_term_string\"}],\"inLanguage\":\"ca\"},{\"@type\":\"Organization\",\"@id\":\"https:\/\/pastisserianoa.com\/#organization\",\"name\":\"Pastisseria Noa\",\"url\":\"https:\/\/pastisserianoa.com\/\",\"logo\":{\"@type\":\"ImageObject\",\"inLanguage\":\"ca\",\"@id\":\"https:\/\/pastisserianoa.com\/#\/schema\/logo\/image\/\",\"url\":\"https:\/\/pastisserianoa.com\/wp-content\/uploads\/2023\/09\/noa-logo.png\",\"contentUrl\":\"https:\/\/pastisserianoa.com\/wp-content\/uploads\/2023\/09\/noa-logo.png\",\"width\":3069,\"height\":2214,\"caption\":\"Pastisseria Noa\"},\"image\":{\"@id\":\"https:\/\/pastisserianoa.com\/#\/schema\/logo\/image\/\"}}]}<\/script>\n<!-- \/ Yoast SEO plugin. -->","yoast_head_json":{"title":"Privacy Policy - Pastisseria Noa","robots":{"index":"index","follow":"follow","max-snippet":"max-snippet:-1","max-image-preview":"max-image-preview:large","max-video-preview":"max-video-preview:-1"},"canonical":"https:\/\/pastisserianoa.com\/privacy-policy\/","og_locale":"ca_ES","og_type":"article","og_title":"Privacy Policy - Pastisseria Noa","og_description":"Pol\u00edtica de privacitat Qui som La direcci\u00f3 del nuestre lloc web \u00e9s: http:\/\/pastisserianoa.com Comentaris quan els visitants deixen comentaris al lloc, recopilem les dades que es mostren al formulari de comentaris, i tamb\u00e9 l&#8217;adre\u00e7a IP del visitant i la cadena de l&#8217;agent d&#8217;usuari del navegador per ajudar a la detecci\u00f3 d&#8217;spam. Es pot proporcionar una [&hellip;]","og_url":"https:\/\/pastisserianoa.com\/privacy-policy\/","og_site_name":"Pastisseria Noa","article_modified_time":"2023-10-10T11:04:10+00:00","twitter_card":"summary_large_image","twitter_misc":{"Temps estimat de lectura":"3 minuts"},"schema":{"@context":"https:\/\/schema.org","@graph":[{"@type":"WebPage","@id":"https:\/\/pastisserianoa.com\/privacy-policy\/","url":"https:\/\/pastisserianoa.com\/privacy-policy\/","name":"Privacy Policy - Pastisseria Noa","isPartOf":{"@id":"https:\/\/pastisserianoa.com\/#website"},"datePublished":"2023-09-05T11:40:18+00:00","dateModified":"2023-10-10T11:04:10+00:00","breadcrumb":{"@id":"https:\/\/pastisserianoa.com\/privacy-policy\/#breadcrumb"},"inLanguage":"ca","potentialAction":[{"@type":"ReadAction","target":["https:\/\/pastisserianoa.com\/privacy-policy\/"]}]},{"@type":"BreadcrumbList","@id":"https:\/\/pastisserianoa.com\/privacy-policy\/#breadcrumb","itemListElement":[{"@type":"ListItem","position":1,"name":"Home","item":"https:\/\/pastisserianoa.com\/ca\/"},{"@type":"ListItem","position":2,"name":"Privacy Policy"}]},{"@type":"WebSite","@id":"https:\/\/pastisserianoa.com\/#website","url":"https:\/\/pastisserianoa.com\/","name":"Pastisseria Noa","description":"","publisher":{"@id":"https:\/\/pastisserianoa.com\/#organization"},"potentialAction":[{"@type":"SearchAction","target":{"@type":"EntryPoint","urlTemplate":"https:\/\/pastisserianoa.com\/?s={search_term_string}"},"query-input":"required name=search_term_string"}],"inLanguage":"ca"},{"@type":"Organization","@id":"https:\/\/pastisserianoa.com\/#organization","name":"Pastisseria Noa","url":"https:\/\/pastisserianoa.com\/","logo":{"@type":"ImageObject","inLanguage":"ca","@id":"https:\/\/pastisserianoa.com\/#\/schema\/logo\/image\/","url":"https:\/\/pastisserianoa.com\/wp-content\/uploads\/2023\/09\/noa-logo.png","contentUrl":"https:\/\/pastisserianoa.com\/wp-content\/uploads\/2023\/09\/noa-logo.png","width":3069,"height":2214,"caption":"Pastisseria Noa"},"image":{"@id":"https:\/\/pastisserianoa.com\/#\/schema\/logo\/image\/"}}]}},"_links":{"self":[{"href":"https:\/\/pastisserianoa.com\/ca\/wp-json\/wp\/v2\/pages\/1484"}],"collection":[{"href":"https:\/\/pastisserianoa.com\/ca\/wp-json\/wp\/v2\/pages"}],"about":[{"href":"https:\/\/pastisserianoa.com\/ca\/wp-json\/wp\/v2\/types\/page"}],"author":[{"embeddable":true,"href":"https:\/\/pastisserianoa.com\/ca\/wp-json\/wp\/v2\/users\/1"}],"replies":[{"embeddable":true,"href":"https:\/\/pastisserianoa.com\/ca\/wp-json\/wp\/v2\/comments?post=1484"}],"version-history":[{"count":7,"href":"https:\/\/pastisserianoa.com\/ca\/wp-json\/wp\/v2\/pages\/1484\/revisions"}],"predecessor-version":[{"id":1511,"href":"https:\/\/pastisserianoa.com\/ca\/wp-json\/wp\/v2\/pages\/1484\/revisions\/1511"}],"wp:attachment":[{"href":"https:\/\/pastisserianoa.com\/ca\/wp-json\/wp\/v2\/media?parent=1484"}],"curies":[{"name":"wp","href":"https:\/\/api.w.org\/{rel}","templated":true}]}}